{"id":104,"date":"2025-10-17T07:25:18","date_gmt":"2025-10-17T07:25:18","guid":{"rendered":"https:\/\/greg92.pl\/?page_id=104"},"modified":"2025-10-17T18:58:05","modified_gmt":"2025-10-17T18:58:05","slug":"polityka-cookies","status":"publish","type":"page","link":"https:\/\/greg92.pl\/index.php\/polityka-cookies\/","title":{"rendered":"Polityka cookies"},"content":{"rendered":"\r\n<p>Niniejsza polityka stanowi podstawow\u0105 informacj\u0119 o celach, sposobach przetwarzania oraz bezpiecze\u0144stwie Twoich danych osobowych<br \/><br \/><\/p>\r\n<p><strong>Kim jeste\u015bmy<\/strong><\/p>\r\n<p>Adres naszej strony internetowej to: https:\/\/greg92.pl.<\/p>\r\n<p><strong>Ciasteczka<\/strong><\/p>\r\n<p>Ka\u017cda strona internetowa, w tym r\u00f3wnie\u017c moja potrzebuje do poprawnego wy\u015bwietlania funkcjonalnych ciasteczek. S\u0105 to informacje o rodzaju urz\u0105dzenia (komputer, telefon lub tablet). Informacje te s\u0105 niezb\u0119dne w celach dostosowania formatu wy\u015bwietlania i s\u0105 przechowywane w Twojej przegl\u0105darce.<\/p>\r\n<p><strong>Osadzone tre\u015bci z innych witryn<\/strong><\/p>\r\n<p>Artyku\u0142y na tej witrynie mog\u0105 zawiera\u0107 osadzone tre\u015bci (np. filmy, obrazki, artyku\u0142y itp.). Osadzone tre\u015bci z innych witryn zachowuj\u0105 si\u0119 analogicznie do tego, jakby u\u017cytkownik odwiedzi\u0142 bezpo\u015brednio konkretn\u0105 witryn\u0119.<\/p>\r\n<p>Witryny mog\u0105 zbiera\u0107 informacje o tobie, u\u017cywa\u0107 ciasteczek, do\u0142\u0105cza\u0107 dodatkowe, zewn\u0119trzne systemy \u015bledzenia i monitorowa\u0107 twoje interakcje z osadzonym materia\u0142em, w\u0142\u0105czaj\u0105c w to \u015bledzenie twoich interakcji z osadzonym materia\u0142em je\u015bli posiadasz konto i jeste\u015b zalogowany w danej witrynie.<\/p>\r\n<p><strong>Z kim dzielimy si\u0119 danymi<\/strong><\/p>\r\n<p>W\u0142a\u015bciciel strony nie prowadzi marketingu, nie zbiera danych oraz nie wykorzystuje ani nie przetwarza \u017cadnych danych\/ informacji w jakiejkolwiek formie poza informacjami zawartymi w funkcjonalnych plikach cookies niezb\u0119dne do dzia\u0142ania strony. <br \/>W\u0142a\u015bciciel serwera zgodnie z przepisami EU prowadzi oddzieln\u0105, prywatn\u0105 polityk\u0119 cookies zlokalizowan\u0105 pod adresem https:\/\/www.cal.pl\/polityka-prywatnosci<\/p>\r\n<p><strong>Jak d\u0142ugo przechowujemy twoje dane<\/strong><\/p>\r\n<p>D\u0142ugo\u015b\u0107 przechowywania danych jest zale\u017cna od Twoich ustawie\u0144 w przegl\u0105darce. W ka\u017cdej chwili mo\u017cesz je zmieni\u0107 w odpowiednich opcjach przegl\u0105darki.<\/p>\r\n<p><strong>Gdzie wysy\u0142amy twoje dane<\/strong><\/p>\r\n<p>Nie prowadz\u0119 \u017cadnej polityki obrotu danymi statystycznymi.<\/p>\r\n","protected":false},"excerpt":{"rendered":"<p>Niniejsza polityka stanowi podstawow\u0105 informacj\u0119 o celach, sposobach przetwarzania oraz bezpiecze\u0144stwie Twoich danych osobowych Kim jeste\u015bmy Adres naszej strony internetowej to: https:\/\/greg92.pl. Ciasteczka Ka\u017cda strona internetowa, w tym r\u00f3wnie\u017c moja potrzebuje do poprawnego wy\u015bwietlania funkcjonalnych ciasteczek. S\u0105 to informacje o rodzaju urz\u0105dzenia (komputer, telefon lub tablet). Informacje te s\u0105 niezb\u0119dne w celach dostosowania formatu wy\u015bwietlania &hellip; <\/p>\n<p class=\"link-more\"><a href=\"https:\/\/greg92.pl\/index.php\/polityka-cookies\/\" class=\"more-link\">Czytaj dalej<span class=\"screen-reader-text\"> \u201ePolityka cookies\u201d<\/span><\/a><\/p>\n","protected":false},"author":1,"featured_media":0,"parent":0,"menu_order":0,"comment_status":"closed","ping_status":"closed","template":"","meta":{"footnotes":""},"class_list":["post-104","page","type-page","status-publish","hentry"],"yoast_head":"<!-- This site is optimized with the Yoast SEO plugin v27.2 - https:\/\/yoast.com\/product\/yoast-seo-wordpress\/ -->\n<title>Polityka cookies - Greg92PL<\/title>\n<meta name=\"description\" content=\"Niniejsza polityka stanowi podstawow\u0105 informacj\u0119 o celach, sposobach przetwarzania oraz bezpiecze\u0144stwie Twoich danych osobowych\" \/>\n<meta name=\"robots\" content=\"noindex, follow\" \/>\n<meta property=\"og:locale\" content=\"pl_PL\" \/>\n<meta property=\"og:type\" content=\"article\" \/>\n<meta property=\"og:title\" content=\"Polityka cookies - Greg92PL\" \/>\n<meta property=\"og:description\" content=\"Niniejsza polityka stanowi podstawow\u0105 informacj\u0119 o celach, sposobach przetwarzania oraz bezpiecze\u0144stwie Twoich danych osobowych\" \/>\n<meta property=\"og:url\" content=\"https:\/\/greg92.pl\/index.php\/polityka-cookies\/\" \/>\n<meta property=\"og:site_name\" content=\"Greg92PL\" \/>\n<meta property=\"article:modified_time\" content=\"2025-10-17T18:58:05+00:00\" \/>\n<meta name=\"twitter:card\" content=\"summary_large_image\" \/>\n<meta name=\"twitter:label1\" content=\"Szacowany czas czytania\" \/>\n\t<meta name=\"twitter:data1\" content=\"2 minuty\" \/>\n<script type=\"application\/ld+json\" class=\"yoast-schema-graph\">{\"@context\":\"https:\/\/schema.org\",\"@graph\":[{\"@type\":\"TechArticle\",\"@id\":\"https:\/\/greg92.pl\/index.php\/polityka-cookies\/#article\",\"isPartOf\":{\"@id\":\"https:\/\/greg92.pl\/index.php\/polityka-cookies\/\"},\"author\":{\"name\":\"Greg92PL\",\"@id\":\"https:\/\/greg92.pl\/#\/schema\/person\/ff41b115bd59286b45e19d77d3540e7d\"},\"headline\":\"Polityka cookies\",\"datePublished\":\"2025-10-17T07:25:18+00:00\",\"dateModified\":\"2025-10-17T18:58:05+00:00\",\"mainEntityOfPage\":{\"@id\":\"https:\/\/greg92.pl\/index.php\/polityka-cookies\/\"},\"wordCount\":266,\"publisher\":{\"@id\":\"https:\/\/greg92.pl\/#\/schema\/person\/ff41b115bd59286b45e19d77d3540e7d\"},\"inLanguage\":\"pl-PL\"},{\"@type\":\"WebPage\",\"@id\":\"https:\/\/greg92.pl\/index.php\/polityka-cookies\/\",\"url\":\"https:\/\/greg92.pl\/index.php\/polityka-cookies\/\",\"name\":\"Polityka cookies - Greg92PL\",\"isPartOf\":{\"@id\":\"https:\/\/greg92.pl\/#website\"},\"datePublished\":\"2025-10-17T07:25:18+00:00\",\"dateModified\":\"2025-10-17T18:58:05+00:00\",\"description\":\"Niniejsza polityka stanowi podstawow\u0105 informacj\u0119 o celach, sposobach przetwarzania oraz bezpiecze\u0144stwie Twoich danych osobowych\",\"breadcrumb\":{\"@id\":\"https:\/\/greg92.pl\/index.php\/polityka-cookies\/#breadcrumb\"},\"inLanguage\":\"pl-PL\",\"potentialAction\":[{\"@type\":\"ReadAction\",\"target\":[\"https:\/\/greg92.pl\/index.php\/polityka-cookies\/\"]}]},{\"@type\":\"BreadcrumbList\",\"@id\":\"https:\/\/greg92.pl\/index.php\/polityka-cookies\/#breadcrumb\",\"itemListElement\":[{\"@type\":\"ListItem\",\"position\":1,\"name\":\"Strona g\u0142\u00f3wna\",\"item\":\"https:\/\/greg92.pl\/\"},{\"@type\":\"ListItem\",\"position\":2,\"name\":\"Polityka cookies\"}]},{\"@type\":\"WebSite\",\"@id\":\"https:\/\/greg92.pl\/#website\",\"url\":\"https:\/\/greg92.pl\/\",\"name\":\"Greg92PL\",\"description\":\"In the world full of people only so much want to fly....\",\"publisher\":{\"@id\":\"https:\/\/greg92.pl\/#\/schema\/person\/ff41b115bd59286b45e19d77d3540e7d\"},\"potentialAction\":[{\"@type\":\"SearchAction\",\"target\":{\"@type\":\"EntryPoint\",\"urlTemplate\":\"https:\/\/greg92.pl\/?s={search_term_string}\"},\"query-input\":{\"@type\":\"PropertyValueSpecification\",\"valueRequired\":true,\"valueName\":\"search_term_string\"}}],\"inLanguage\":\"pl-PL\"},{\"@type\":[\"Person\",\"Organization\"],\"@id\":\"https:\/\/greg92.pl\/#\/schema\/person\/ff41b115bd59286b45e19d77d3540e7d\",\"name\":\"Greg92PL\",\"image\":{\"@type\":\"ImageObject\",\"inLanguage\":\"pl-PL\",\"@id\":\"https:\/\/greg92.pl\/wp-content\/uploads\/2022\/03\/cropped-cropped-mniejsze-logo-2-100x100-1.jpg\",\"url\":\"https:\/\/greg92.pl\/wp-content\/uploads\/2022\/03\/cropped-cropped-mniejsze-logo-2-100x100-1.jpg\",\"contentUrl\":\"https:\/\/greg92.pl\/wp-content\/uploads\/2022\/03\/cropped-cropped-mniejsze-logo-2-100x100-1.jpg\",\"width\":100,\"height\":100,\"caption\":\"Greg92PL\"},\"logo\":{\"@id\":\"https:\/\/greg92.pl\/wp-content\/uploads\/2022\/03\/cropped-cropped-mniejsze-logo-2-100x100-1.jpg\"},\"sameAs\":[\"https:\/\/greg92.pl\"],\"url\":\"https:\/\/greg92.pl\/index.php\/author\/admin\/\"}]}<\/script>\n<!-- \/ Yoast SEO plugin. -->","yoast_head_json":{"title":"Polityka cookies - Greg92PL","description":"Niniejsza polityka stanowi podstawow\u0105 informacj\u0119 o celach, sposobach przetwarzania oraz bezpiecze\u0144stwie Twoich danych osobowych","robots":{"index":"noindex","follow":"follow"},"og_locale":"pl_PL","og_type":"article","og_title":"Polityka cookies - Greg92PL","og_description":"Niniejsza polityka stanowi podstawow\u0105 informacj\u0119 o celach, sposobach przetwarzania oraz bezpiecze\u0144stwie Twoich danych osobowych","og_url":"https:\/\/greg92.pl\/index.php\/polityka-cookies\/","og_site_name":"Greg92PL","article_modified_time":"2025-10-17T18:58:05+00:00","twitter_card":"summary_large_image","twitter_misc":{"Szacowany czas czytania":"2 minuty"},"schema":{"@context":"https:\/\/schema.org","@graph":[{"@type":"TechArticle","@id":"https:\/\/greg92.pl\/index.php\/polityka-cookies\/#article","isPartOf":{"@id":"https:\/\/greg92.pl\/index.php\/polityka-cookies\/"},"author":{"name":"Greg92PL","@id":"https:\/\/greg92.pl\/#\/schema\/person\/ff41b115bd59286b45e19d77d3540e7d"},"headline":"Polityka cookies","datePublished":"2025-10-17T07:25:18+00:00","dateModified":"2025-10-17T18:58:05+00:00","mainEntityOfPage":{"@id":"https:\/\/greg92.pl\/index.php\/polityka-cookies\/"},"wordCount":266,"publisher":{"@id":"https:\/\/greg92.pl\/#\/schema\/person\/ff41b115bd59286b45e19d77d3540e7d"},"inLanguage":"pl-PL"},{"@type":"WebPage","@id":"https:\/\/greg92.pl\/index.php\/polityka-cookies\/","url":"https:\/\/greg92.pl\/index.php\/polityka-cookies\/","name":"Polityka cookies - Greg92PL","isPartOf":{"@id":"https:\/\/greg92.pl\/#website"},"datePublished":"2025-10-17T07:25:18+00:00","dateModified":"2025-10-17T18:58:05+00:00","description":"Niniejsza polityka stanowi podstawow\u0105 informacj\u0119 o celach, sposobach przetwarzania oraz bezpiecze\u0144stwie Twoich danych osobowych","breadcrumb":{"@id":"https:\/\/greg92.pl\/index.php\/polityka-cookies\/#breadcrumb"},"inLanguage":"pl-PL","potentialAction":[{"@type":"ReadAction","target":["https:\/\/greg92.pl\/index.php\/polityka-cookies\/"]}]},{"@type":"BreadcrumbList","@id":"https:\/\/greg92.pl\/index.php\/polityka-cookies\/#breadcrumb","itemListElement":[{"@type":"ListItem","position":1,"name":"Strona g\u0142\u00f3wna","item":"https:\/\/greg92.pl\/"},{"@type":"ListItem","position":2,"name":"Polityka cookies"}]},{"@type":"WebSite","@id":"https:\/\/greg92.pl\/#website","url":"https:\/\/greg92.pl\/","name":"Greg92PL","description":"In the world full of people only so much want to fly....","publisher":{"@id":"https:\/\/greg92.pl\/#\/schema\/person\/ff41b115bd59286b45e19d77d3540e7d"},"potentialAction":[{"@type":"SearchAction","target":{"@type":"EntryPoint","urlTemplate":"https:\/\/greg92.pl\/?s={search_term_string}"},"query-input":{"@type":"PropertyValueSpecification","valueRequired":true,"valueName":"search_term_string"}}],"inLanguage":"pl-PL"},{"@type":["Person","Organization"],"@id":"https:\/\/greg92.pl\/#\/schema\/person\/ff41b115bd59286b45e19d77d3540e7d","name":"Greg92PL","image":{"@type":"ImageObject","inLanguage":"pl-PL","@id":"https:\/\/greg92.pl\/wp-content\/uploads\/2022\/03\/cropped-cropped-mniejsze-logo-2-100x100-1.jpg","url":"https:\/\/greg92.pl\/wp-content\/uploads\/2022\/03\/cropped-cropped-mniejsze-logo-2-100x100-1.jpg","contentUrl":"https:\/\/greg92.pl\/wp-content\/uploads\/2022\/03\/cropped-cropped-mniejsze-logo-2-100x100-1.jpg","width":100,"height":100,"caption":"Greg92PL"},"logo":{"@id":"https:\/\/greg92.pl\/wp-content\/uploads\/2022\/03\/cropped-cropped-mniejsze-logo-2-100x100-1.jpg"},"sameAs":["https:\/\/greg92.pl"],"url":"https:\/\/greg92.pl\/index.php\/author\/admin\/"}]}},"jetpack_sharing_enabled":true,"_links":{"self":[{"href":"https:\/\/greg92.pl\/index.php\/wp-json\/wp\/v2\/pages\/104","targetHints":{"allow":["GET"]}}],"collection":[{"href":"https:\/\/greg92.pl\/index.php\/wp-json\/wp\/v2\/pages"}],"about":[{"href":"https:\/\/greg92.pl\/index.php\/wp-json\/wp\/v2\/types\/page"}],"author":[{"embeddable":true,"href":"https:\/\/greg92.pl\/index.php\/wp-json\/wp\/v2\/users\/1"}],"replies":[{"embeddable":true,"href":"https:\/\/greg92.pl\/index.php\/wp-json\/wp\/v2\/comments?post=104"}],"version-history":[{"count":10,"href":"https:\/\/greg92.pl\/index.php\/wp-json\/wp\/v2\/pages\/104\/revisions"}],"predecessor-version":[{"id":344,"href":"https:\/\/greg92.pl\/index.php\/wp-json\/wp\/v2\/pages\/104\/revisions\/344"}],"wp:attachment":[{"href":"https:\/\/greg92.pl\/index.php\/wp-json\/wp\/v2\/media?parent=104"}],"curies":[{"name":"wp","href":"https:\/\/api.w.org\/{rel}","templated":true}]}}