{"id":14,"date":"2022-03-02T19:02:05","date_gmt":"2022-03-02T19:02:05","guid":{"rendered":"https:\/\/greg92.pl\/?page_id=14"},"modified":"2022-03-17T21:02:11","modified_gmt":"2022-03-17T21:02:11","slug":"kontakt","status":"publish","type":"page","link":"https:\/\/greg92.pl\/index.php\/kontakt\/","title":{"rendered":"Kontakt"},"content":{"rendered":"\n<p>Znalaz\u0142e\u015b b\u0142\u0105d na mojej stronie? Chcesz u\u017cy\u0107 moich materia\u0142\u00f3w? Masz pytania odno\u015bnie strony? Skontaktuj si\u0119 ze mn\u0105 poprzez portal spo\u0142eczno\u015bciowy!<\/p>\n\n\n\n<p><a href=\"http:\/\/www.facebook.pl\/greg92pl\">Greg92PL na Facebooku<\/a><\/p>\n","protected":false},"excerpt":{"rendered":"<p>Znalaz\u0142e\u015b b\u0142\u0105d na mojej stronie? Chcesz u\u017cy\u0107 moich materia\u0142\u00f3w? Masz pytania odno\u015bnie strony? Skontaktuj si\u0119 ze mn\u0105 poprzez portal spo\u0142eczno\u015bciowy! Greg92PL na Facebooku<\/p>\n","protected":false},"author":1,"featured_media":0,"parent":0,"menu_order":0,"comment_status":"closed","ping_status":"closed","template":"","meta":{"footnotes":""},"class_list":["post-14","page","type-page","status-publish","hentry"],"yoast_head":"<!-- This site is optimized with the Yoast SEO plugin v27.2 - https:\/\/yoast.com\/product\/yoast-seo-wordpress\/ -->\n<title>Kontakt - Greg92PL<\/title>\n<meta name=\"robots\" content=\"index, follow, max-snippet:-1, max-image-preview:large, max-video-preview:-1\" \/>\n<link rel=\"canonical\" href=\"https:\/\/greg92.pl\/index.php\/kontakt\/\" \/>\n<meta property=\"og:locale\" content=\"pl_PL\" \/>\n<meta property=\"og:type\" content=\"article\" \/>\n<meta property=\"og:title\" content=\"Kontakt - Greg92PL\" \/>\n<meta property=\"og:description\" content=\"Znalaz\u0142e\u015b b\u0142\u0105d na mojej stronie? Chcesz u\u017cy\u0107 moich materia\u0142\u00f3w? Masz pytania odno\u015bnie strony? Skontaktuj si\u0119 ze mn\u0105 poprzez portal spo\u0142eczno\u015bciowy! Greg92PL na Facebooku\" \/>\n<meta property=\"og:url\" content=\"https:\/\/greg92.pl\/index.php\/kontakt\/\" \/>\n<meta property=\"og:site_name\" content=\"Greg92PL\" \/>\n<meta property=\"article:modified_time\" content=\"2022-03-17T21:02:11+00:00\" \/>\n<meta name=\"twitter:card\" content=\"summary_large_image\" \/>\n<script type=\"application\/ld+json\" class=\"yoast-schema-graph\">{\"@context\":\"https:\/\/schema.org\",\"@graph\":[{\"@type\":\"TechArticle\",\"@id\":\"https:\/\/greg92.pl\/index.php\/kontakt\/#article\",\"isPartOf\":{\"@id\":\"https:\/\/greg92.pl\/index.php\/kontakt\/\"},\"author\":{\"name\":\"Greg92PL\",\"@id\":\"https:\/\/greg92.pl\/#\/schema\/person\/ff41b115bd59286b45e19d77d3540e7d\"},\"headline\":\"Kontakt\",\"datePublished\":\"2022-03-02T19:02:05+00:00\",\"dateModified\":\"2022-03-17T21:02:11+00:00\",\"mainEntityOfPage\":{\"@id\":\"https:\/\/greg92.pl\/index.php\/kontakt\/\"},\"wordCount\":32,\"publisher\":{\"@id\":\"https:\/\/greg92.pl\/#\/schema\/person\/ff41b115bd59286b45e19d77d3540e7d\"},\"inLanguage\":\"pl-PL\"},{\"@type\":\"WebPage\",\"@id\":\"https:\/\/greg92.pl\/index.php\/kontakt\/\",\"url\":\"https:\/\/greg92.pl\/index.php\/kontakt\/\",\"name\":\"Kontakt - Greg92PL\",\"isPartOf\":{\"@id\":\"https:\/\/greg92.pl\/#website\"},\"datePublished\":\"2022-03-02T19:02:05+00:00\",\"dateModified\":\"2022-03-17T21:02:11+00:00\",\"breadcrumb\":{\"@id\":\"https:\/\/greg92.pl\/index.php\/kontakt\/#breadcrumb\"},\"inLanguage\":\"pl-PL\",\"potentialAction\":[{\"@type\":\"ReadAction\",\"target\":[\"https:\/\/greg92.pl\/index.php\/kontakt\/\"]}]},{\"@type\":\"BreadcrumbList\",\"@id\":\"https:\/\/greg92.pl\/index.php\/kontakt\/#breadcrumb\",\"itemListElement\":[{\"@type\":\"ListItem\",\"position\":1,\"name\":\"Strona g\u0142\u00f3wna\",\"item\":\"https:\/\/greg92.pl\/\"},{\"@type\":\"ListItem\",\"position\":2,\"name\":\"Kontakt\"}]},{\"@type\":\"WebSite\",\"@id\":\"https:\/\/greg92.pl\/#website\",\"url\":\"https:\/\/greg92.pl\/\",\"name\":\"Greg92PL\",\"description\":\"In the world full of people only so much want to fly....\",\"publisher\":{\"@id\":\"https:\/\/greg92.pl\/#\/schema\/person\/ff41b115bd59286b45e19d77d3540e7d\"},\"potentialAction\":[{\"@type\":\"SearchAction\",\"target\":{\"@type\":\"EntryPoint\",\"urlTemplate\":\"https:\/\/greg92.pl\/?s={search_term_string}\"},\"query-input\":{\"@type\":\"PropertyValueSpecification\",\"valueRequired\":true,\"valueName\":\"search_term_string\"}}],\"inLanguage\":\"pl-PL\"},{\"@type\":[\"Person\",\"Organization\"],\"@id\":\"https:\/\/greg92.pl\/#\/schema\/person\/ff41b115bd59286b45e19d77d3540e7d\",\"name\":\"Greg92PL\",\"image\":{\"@type\":\"ImageObject\",\"inLanguage\":\"pl-PL\",\"@id\":\"https:\/\/greg92.pl\/wp-content\/uploads\/2022\/03\/cropped-cropped-mniejsze-logo-2-100x100-1.jpg\",\"url\":\"https:\/\/greg92.pl\/wp-content\/uploads\/2022\/03\/cropped-cropped-mniejsze-logo-2-100x100-1.jpg\",\"contentUrl\":\"https:\/\/greg92.pl\/wp-content\/uploads\/2022\/03\/cropped-cropped-mniejsze-logo-2-100x100-1.jpg\",\"width\":100,\"height\":100,\"caption\":\"Greg92PL\"},\"logo\":{\"@id\":\"https:\/\/greg92.pl\/wp-content\/uploads\/2022\/03\/cropped-cropped-mniejsze-logo-2-100x100-1.jpg\"},\"sameAs\":[\"https:\/\/greg92.pl\"],\"url\":\"https:\/\/greg92.pl\/index.php\/author\/admin\/\"}]}<\/script>\n<!-- \/ Yoast SEO plugin. -->","yoast_head_json":{"title":"Kontakt - Greg92PL","robots":{"index":"index","follow":"follow","max-snippet":"max-snippet:-1","max-image-preview":"max-image-preview:large","max-video-preview":"max-video-preview:-1"},"canonical":"https:\/\/greg92.pl\/index.php\/kontakt\/","og_locale":"pl_PL","og_type":"article","og_title":"Kontakt - Greg92PL","og_description":"Znalaz\u0142e\u015b b\u0142\u0105d na mojej stronie? Chcesz u\u017cy\u0107 moich materia\u0142\u00f3w? Masz pytania odno\u015bnie strony? Skontaktuj si\u0119 ze mn\u0105 poprzez portal spo\u0142eczno\u015bciowy! Greg92PL na Facebooku","og_url":"https:\/\/greg92.pl\/index.php\/kontakt\/","og_site_name":"Greg92PL","article_modified_time":"2022-03-17T21:02:11+00:00","twitter_card":"summary_large_image","schema":{"@context":"https:\/\/schema.org","@graph":[{"@type":"TechArticle","@id":"https:\/\/greg92.pl\/index.php\/kontakt\/#article","isPartOf":{"@id":"https:\/\/greg92.pl\/index.php\/kontakt\/"},"author":{"name":"Greg92PL","@id":"https:\/\/greg92.pl\/#\/schema\/person\/ff41b115bd59286b45e19d77d3540e7d"},"headline":"Kontakt","datePublished":"2022-03-02T19:02:05+00:00","dateModified":"2022-03-17T21:02:11+00:00","mainEntityOfPage":{"@id":"https:\/\/greg92.pl\/index.php\/kontakt\/"},"wordCount":32,"publisher":{"@id":"https:\/\/greg92.pl\/#\/schema\/person\/ff41b115bd59286b45e19d77d3540e7d"},"inLanguage":"pl-PL"},{"@type":"WebPage","@id":"https:\/\/greg92.pl\/index.php\/kontakt\/","url":"https:\/\/greg92.pl\/index.php\/kontakt\/","name":"Kontakt - Greg92PL","isPartOf":{"@id":"https:\/\/greg92.pl\/#website"},"datePublished":"2022-03-02T19:02:05+00:00","dateModified":"2022-03-17T21:02:11+00:00","breadcrumb":{"@id":"https:\/\/greg92.pl\/index.php\/kontakt\/#breadcrumb"},"inLanguage":"pl-PL","potentialAction":[{"@type":"ReadAction","target":["https:\/\/greg92.pl\/index.php\/kontakt\/"]}]},{"@type":"BreadcrumbList","@id":"https:\/\/greg92.pl\/index.php\/kontakt\/#breadcrumb","itemListElement":[{"@type":"ListItem","position":1,"name":"Strona g\u0142\u00f3wna","item":"https:\/\/greg92.pl\/"},{"@type":"ListItem","position":2,"name":"Kontakt"}]},{"@type":"WebSite","@id":"https:\/\/greg92.pl\/#website","url":"https:\/\/greg92.pl\/","name":"Greg92PL","description":"In the world full of people only so much want to fly....","publisher":{"@id":"https:\/\/greg92.pl\/#\/schema\/person\/ff41b115bd59286b45e19d77d3540e7d"},"potentialAction":[{"@type":"SearchAction","target":{"@type":"EntryPoint","urlTemplate":"https:\/\/greg92.pl\/?s={search_term_string}"},"query-input":{"@type":"PropertyValueSpecification","valueRequired":true,"valueName":"search_term_string"}}],"inLanguage":"pl-PL"},{"@type":["Person","Organization"],"@id":"https:\/\/greg92.pl\/#\/schema\/person\/ff41b115bd59286b45e19d77d3540e7d","name":"Greg92PL","image":{"@type":"ImageObject","inLanguage":"pl-PL","@id":"https:\/\/greg92.pl\/wp-content\/uploads\/2022\/03\/cropped-cropped-mniejsze-logo-2-100x100-1.jpg","url":"https:\/\/greg92.pl\/wp-content\/uploads\/2022\/03\/cropped-cropped-mniejsze-logo-2-100x100-1.jpg","contentUrl":"https:\/\/greg92.pl\/wp-content\/uploads\/2022\/03\/cropped-cropped-mniejsze-logo-2-100x100-1.jpg","width":100,"height":100,"caption":"Greg92PL"},"logo":{"@id":"https:\/\/greg92.pl\/wp-content\/uploads\/2022\/03\/cropped-cropped-mniejsze-logo-2-100x100-1.jpg"},"sameAs":["https:\/\/greg92.pl"],"url":"https:\/\/greg92.pl\/index.php\/author\/admin\/"}]}},"jetpack_sharing_enabled":true,"_links":{"self":[{"href":"https:\/\/greg92.pl\/index.php\/wp-json\/wp\/v2\/pages\/14","targetHints":{"allow":["GET"]}}],"collection":[{"href":"https:\/\/greg92.pl\/index.php\/wp-json\/wp\/v2\/pages"}],"about":[{"href":"https:\/\/greg92.pl\/index.php\/wp-json\/wp\/v2\/types\/page"}],"author":[{"embeddable":true,"href":"https:\/\/greg92.pl\/index.php\/wp-json\/wp\/v2\/users\/1"}],"replies":[{"embeddable":true,"href":"https:\/\/greg92.pl\/index.php\/wp-json\/wp\/v2\/comments?post=14"}],"version-history":[{"count":3,"href":"https:\/\/greg92.pl\/index.php\/wp-json\/wp\/v2\/pages\/14\/revisions"}],"predecessor-version":[{"id":56,"href":"https:\/\/greg92.pl\/index.php\/wp-json\/wp\/v2\/pages\/14\/revisions\/56"}],"wp:attachment":[{"href":"https:\/\/greg92.pl\/index.php\/wp-json\/wp\/v2\/media?parent=14"}],"curies":[{"name":"wp","href":"https:\/\/api.w.org\/{rel}","templated":true}]}}