{"id":2,"date":"2022-02-15T10:26:58","date_gmt":"2022-02-15T10:26:58","guid":{"rendered":"http:\/\/greg92.pl\/?page_id=2"},"modified":"2026-03-15T13:08:00","modified_gmt":"2026-03-15T13:08:00","slug":"sample-page","status":"publish","type":"page","link":"https:\/\/greg92.pl\/","title":{"rendered":"Aktualno\u015bci"},"content":{"rendered":"<p><\/p>\r\n<p><strong>15.03.2026<\/strong> &#8211; aktualizacja <a href=\"https:\/\/greg92.pl\/index.php\/baza-wiedzy\/spis-lozysk-uszczelniaczy\/\">spisu \u0142o\u017cysk<\/a> &#8211; uzupe\u0142nienie wykazu silnik\u00f3w Dezamet, WSK, Jawa, \u010cZ, Simson<\/p>\r\n<p><strong>17.10.2025<\/strong> &#8211; nowy artyku\u0142 &#8211; <a href=\"https:\/\/greg92.pl\/index.php\/baza-wiedzy\/klasyczny-uklad-zaplonowy\/\">budowa i diagnozowanie klasycznego uk\u0142adu zap\u0142onowego<\/a><\/p>\r\n<p><strong>16.10.2025 <\/strong>&#8211; Dodane kolejne strony, m.in. <a href=\"https:\/\/greg92.pl\/index.php\/baza-wiedzy\/\">baza wiedzy,<\/a> <a href=\"https:\/\/greg92.pl\/index.php\/baza-wiedzy\/spis-lozysk-uszczelniaczy\/\">spis \u0142o\u017cysk i uszczelniaczy<\/a><span style=\"font-size: 1rem;\">,<\/span><span style=\"font-size: 1rem;\">\u00a0<a href=\"https:\/\/greg92.pl\/index.php\/baza-wiedzy\/\">baza link\u00f3w<\/a><\/span><\/p>\r\n<p><strong>08.10.2025<\/strong> &#8211; Niestety, wi\u0119cej materia\u0142\u00f3w nie mo\u017cna ju\u017c odzyska\u0107, wszystko musz\u0119 stworzy\u0107 od nowa, \u0142\u0105cznie ze zdj\u0119ciami. Jest motywacja do napisania stron oraz opracowania materia\u0142\u00f3w od zera, uwzgl\u0119dniaj\u0105c nowo zdobyt\u0105 wiedz\u0119 oraz lepszej jako\u015bci zdj\u0119cia\/filmy \ud83d\ude42<\/p>\r\n<p><strong>01.10.2025\u00a0<\/strong>&#8211; Przywr\u00f3cenie strony o <a href=\"https:\/\/greg92.pl\/index.php\/greg-garage\/przekaznik-kontrolki-ladowania\/\">przeka\u017aniku kontrolki \u0142adowania<\/a><\/p>\r\n<p><strong>25.09.2025<\/strong> &#8211; Prace konserwacyjne<\/p>\r\n<p><strong>07.07.2025 <\/strong>&#8211; Przywr\u00f3cenie kr\u00f3tkiego materia\u0142u o <a href=\"https:\/\/greg92.pl\/index.php\/magnetyczny-korek-spustowy\/\">magnetycznym korku spustowym<\/a><\/p>\r\n\r\n\r\n\r\n<p><strong>05.07.2025<\/strong> &#8211; Po d\u0142ugich walkach z serwerem uda\u0142o si\u0119 wreszcie odzyska\u0107 po\u0142\u0105czenie i dost\u0119p do strony. Kolejne artyku\u0142y b\u0119d\u0105 pojawia\u0107 si\u0119 stopniowo, a nowi jak i stali bywalcy strony musz\u0105 uzbroi\u0107 si\u0119 w cierpliwo\u015b\u0107&#8230;<\/p>\r\n","protected":false},"excerpt":{"rendered":"<p>15.03.2026 &#8211; aktualizacja spisu \u0142o\u017cysk &#8211; uzupe\u0142nienie wykazu silnik\u00f3w Dezamet, WSK, Jawa, \u010cZ, Simson 17.10.2025 &#8211; nowy artyku\u0142 &#8211; budowa i diagnozowanie klasycznego uk\u0142adu zap\u0142onowego 16.10.2025 &#8211; Dodane kolejne strony, m.in. baza wiedzy, spis \u0142o\u017cysk i uszczelniaczy,\u00a0baza link\u00f3w 08.10.2025 &#8211; Niestety, wi\u0119cej materia\u0142\u00f3w nie mo\u017cna ju\u017c odzyska\u0107, wszystko musz\u0119 stworzy\u0107 od nowa, \u0142\u0105cznie ze zdj\u0119ciami. &hellip; <\/p>\n<p class=\"link-more\"><a href=\"https:\/\/greg92.pl\/\" class=\"more-link\">Czytaj dalej<span class=\"screen-reader-text\"> \u201eAktualno\u015bci\u201d<\/span><\/a><\/p>\n","protected":false},"author":1,"featured_media":0,"parent":0,"menu_order":0,"comment_status":"closed","ping_status":"open","template":"","meta":{"footnotes":""},"class_list":["post-2","page","type-page","status-publish","hentry"],"yoast_head":"<!-- This site is optimized with the Yoast SEO plugin v27.2 - https:\/\/yoast.com\/product\/yoast-seo-wordpress\/ -->\n<title>Aktualno\u015bci - Greg92PL<\/title>\n<meta name=\"robots\" content=\"index, follow, max-snippet:-1, max-image-preview:large, max-video-preview:-1\" \/>\n<link rel=\"canonical\" href=\"https:\/\/greg92.pl\/\" \/>\n<meta property=\"og:locale\" content=\"pl_PL\" \/>\n<meta property=\"og:type\" content=\"article\" \/>\n<meta property=\"og:title\" content=\"Aktualno\u015bci - Greg92PL\" \/>\n<meta property=\"og:description\" content=\"15.03.2026 &#8211; aktualizacja spisu \u0142o\u017cysk &#8211; uzupe\u0142nienie wykazu silnik\u00f3w Dezamet, WSK, Jawa, \u010cZ, Simson 17.10.2025 &#8211; nowy artyku\u0142 &#8211; budowa i diagnozowanie klasycznego uk\u0142adu zap\u0142onowego 16.10.2025 &#8211; Dodane kolejne strony, m.in. baza wiedzy, spis \u0142o\u017cysk i uszczelniaczy,\u00a0baza link\u00f3w 08.10.2025 &#8211; Niestety, wi\u0119cej materia\u0142\u00f3w nie mo\u017cna ju\u017c odzyska\u0107, wszystko musz\u0119 stworzy\u0107 od nowa, \u0142\u0105cznie ze zdj\u0119ciami. &hellip; Czytaj dalej \u201eAktualno\u015bci\u201d\" \/>\n<meta property=\"og:url\" content=\"https:\/\/greg92.pl\/\" \/>\n<meta property=\"og:site_name\" content=\"Greg92PL\" \/>\n<meta property=\"article:modified_time\" content=\"2026-03-15T13:08:00+00:00\" \/>\n<meta name=\"twitter:card\" content=\"summary_large_image\" \/>\n<meta name=\"twitter:label1\" content=\"Szacowany czas czytania\" \/>\n\t<meta name=\"twitter:data1\" content=\"1 minuta\" \/>\n<script type=\"application\/ld+json\" class=\"yoast-schema-graph\">{\"@context\":\"https:\/\/schema.org\",\"@graph\":[{\"@type\":\"TechArticle\",\"@id\":\"https:\/\/greg92.pl\/#article\",\"isPartOf\":{\"@id\":\"https:\/\/greg92.pl\/\"},\"author\":{\"name\":\"Greg92PL\",\"@id\":\"https:\/\/greg92.pl\/#\/schema\/person\/ff41b115bd59286b45e19d77d3540e7d\"},\"headline\":\"Aktualno\u015bci\",\"datePublished\":\"2022-02-15T10:26:58+00:00\",\"dateModified\":\"2026-03-15T13:08:00+00:00\",\"mainEntityOfPage\":{\"@id\":\"https:\/\/greg92.pl\/\"},\"wordCount\":152,\"publisher\":{\"@id\":\"https:\/\/greg92.pl\/#\/schema\/person\/ff41b115bd59286b45e19d77d3540e7d\"},\"inLanguage\":\"pl-PL\"},{\"@type\":\"WebPage\",\"@id\":\"https:\/\/greg92.pl\/\",\"url\":\"https:\/\/greg92.pl\/\",\"name\":\"Aktualno\u015bci - Greg92PL\",\"isPartOf\":{\"@id\":\"https:\/\/greg92.pl\/#website\"},\"datePublished\":\"2022-02-15T10:26:58+00:00\",\"dateModified\":\"2026-03-15T13:08:00+00:00\",\"breadcrumb\":{\"@id\":\"https:\/\/greg92.pl\/#breadcrumb\"},\"inLanguage\":\"pl-PL\",\"potentialAction\":[{\"@type\":\"ReadAction\",\"target\":[\"https:\/\/greg92.pl\/\"]}]},{\"@type\":\"BreadcrumbList\",\"@id\":\"https:\/\/greg92.pl\/#breadcrumb\",\"itemListElement\":[{\"@type\":\"ListItem\",\"position\":1,\"name\":\"Strona g\u0142\u00f3wna\",\"item\":\"https:\/\/greg92.pl\/\"},{\"@type\":\"ListItem\",\"position\":2,\"name\":\"Aktualno\u015bci\"}]},{\"@type\":\"WebSite\",\"@id\":\"https:\/\/greg92.pl\/#website\",\"url\":\"https:\/\/greg92.pl\/\",\"name\":\"Greg92PL\",\"description\":\"In the world full of people only so much want to fly....\",\"publisher\":{\"@id\":\"https:\/\/greg92.pl\/#\/schema\/person\/ff41b115bd59286b45e19d77d3540e7d\"},\"potentialAction\":[{\"@type\":\"SearchAction\",\"target\":{\"@type\":\"EntryPoint\",\"urlTemplate\":\"https:\/\/greg92.pl\/?s={search_term_string}\"},\"query-input\":{\"@type\":\"PropertyValueSpecification\",\"valueRequired\":true,\"valueName\":\"search_term_string\"}}],\"inLanguage\":\"pl-PL\"},{\"@type\":[\"Person\",\"Organization\"],\"@id\":\"https:\/\/greg92.pl\/#\/schema\/person\/ff41b115bd59286b45e19d77d3540e7d\",\"name\":\"Greg92PL\",\"image\":{\"@type\":\"ImageObject\",\"inLanguage\":\"pl-PL\",\"@id\":\"https:\/\/greg92.pl\/wp-content\/uploads\/2022\/03\/cropped-cropped-mniejsze-logo-2-100x100-1.jpg\",\"url\":\"https:\/\/greg92.pl\/wp-content\/uploads\/2022\/03\/cropped-cropped-mniejsze-logo-2-100x100-1.jpg\",\"contentUrl\":\"https:\/\/greg92.pl\/wp-content\/uploads\/2022\/03\/cropped-cropped-mniejsze-logo-2-100x100-1.jpg\",\"width\":100,\"height\":100,\"caption\":\"Greg92PL\"},\"logo\":{\"@id\":\"https:\/\/greg92.pl\/wp-content\/uploads\/2022\/03\/cropped-cropped-mniejsze-logo-2-100x100-1.jpg\"},\"sameAs\":[\"https:\/\/greg92.pl\"],\"url\":\"https:\/\/greg92.pl\/index.php\/author\/admin\/\"}]}<\/script>\n<!-- \/ Yoast SEO plugin. -->","yoast_head_json":{"title":"Aktualno\u015bci - Greg92PL","robots":{"index":"index","follow":"follow","max-snippet":"max-snippet:-1","max-image-preview":"max-image-preview:large","max-video-preview":"max-video-preview:-1"},"canonical":"https:\/\/greg92.pl\/","og_locale":"pl_PL","og_type":"article","og_title":"Aktualno\u015bci - Greg92PL","og_description":"15.03.2026 &#8211; aktualizacja spisu \u0142o\u017cysk &#8211; uzupe\u0142nienie wykazu silnik\u00f3w Dezamet, WSK, Jawa, \u010cZ, Simson 17.10.2025 &#8211; nowy artyku\u0142 &#8211; budowa i diagnozowanie klasycznego uk\u0142adu zap\u0142onowego 16.10.2025 &#8211; Dodane kolejne strony, m.in. baza wiedzy, spis \u0142o\u017cysk i uszczelniaczy,\u00a0baza link\u00f3w 08.10.2025 &#8211; Niestety, wi\u0119cej materia\u0142\u00f3w nie mo\u017cna ju\u017c odzyska\u0107, wszystko musz\u0119 stworzy\u0107 od nowa, \u0142\u0105cznie ze zdj\u0119ciami. &hellip; Czytaj dalej \u201eAktualno\u015bci\u201d","og_url":"https:\/\/greg92.pl\/","og_site_name":"Greg92PL","article_modified_time":"2026-03-15T13:08:00+00:00","twitter_card":"summary_large_image","twitter_misc":{"Szacowany czas czytania":"1 minuta"},"schema":{"@context":"https:\/\/schema.org","@graph":[{"@type":"TechArticle","@id":"https:\/\/greg92.pl\/#article","isPartOf":{"@id":"https:\/\/greg92.pl\/"},"author":{"name":"Greg92PL","@id":"https:\/\/greg92.pl\/#\/schema\/person\/ff41b115bd59286b45e19d77d3540e7d"},"headline":"Aktualno\u015bci","datePublished":"2022-02-15T10:26:58+00:00","dateModified":"2026-03-15T13:08:00+00:00","mainEntityOfPage":{"@id":"https:\/\/greg92.pl\/"},"wordCount":152,"publisher":{"@id":"https:\/\/greg92.pl\/#\/schema\/person\/ff41b115bd59286b45e19d77d3540e7d"},"inLanguage":"pl-PL"},{"@type":"WebPage","@id":"https:\/\/greg92.pl\/","url":"https:\/\/greg92.pl\/","name":"Aktualno\u015bci - Greg92PL","isPartOf":{"@id":"https:\/\/greg92.pl\/#website"},"datePublished":"2022-02-15T10:26:58+00:00","dateModified":"2026-03-15T13:08:00+00:00","breadcrumb":{"@id":"https:\/\/greg92.pl\/#breadcrumb"},"inLanguage":"pl-PL","potentialAction":[{"@type":"ReadAction","target":["https:\/\/greg92.pl\/"]}]},{"@type":"BreadcrumbList","@id":"https:\/\/greg92.pl\/#breadcrumb","itemListElement":[{"@type":"ListItem","position":1,"name":"Strona g\u0142\u00f3wna","item":"https:\/\/greg92.pl\/"},{"@type":"ListItem","position":2,"name":"Aktualno\u015bci"}]},{"@type":"WebSite","@id":"https:\/\/greg92.pl\/#website","url":"https:\/\/greg92.pl\/","name":"Greg92PL","description":"In the world full of people only so much want to fly....","publisher":{"@id":"https:\/\/greg92.pl\/#\/schema\/person\/ff41b115bd59286b45e19d77d3540e7d"},"potentialAction":[{"@type":"SearchAction","target":{"@type":"EntryPoint","urlTemplate":"https:\/\/greg92.pl\/?s={search_term_string}"},"query-input":{"@type":"PropertyValueSpecification","valueRequired":true,"valueName":"search_term_string"}}],"inLanguage":"pl-PL"},{"@type":["Person","Organization"],"@id":"https:\/\/greg92.pl\/#\/schema\/person\/ff41b115bd59286b45e19d77d3540e7d","name":"Greg92PL","image":{"@type":"ImageObject","inLanguage":"pl-PL","@id":"https:\/\/greg92.pl\/wp-content\/uploads\/2022\/03\/cropped-cropped-mniejsze-logo-2-100x100-1.jpg","url":"https:\/\/greg92.pl\/wp-content\/uploads\/2022\/03\/cropped-cropped-mniejsze-logo-2-100x100-1.jpg","contentUrl":"https:\/\/greg92.pl\/wp-content\/uploads\/2022\/03\/cropped-cropped-mniejsze-logo-2-100x100-1.jpg","width":100,"height":100,"caption":"Greg92PL"},"logo":{"@id":"https:\/\/greg92.pl\/wp-content\/uploads\/2022\/03\/cropped-cropped-mniejsze-logo-2-100x100-1.jpg"},"sameAs":["https:\/\/greg92.pl"],"url":"https:\/\/greg92.pl\/index.php\/author\/admin\/"}]}},"jetpack_sharing_enabled":true,"_links":{"self":[{"href":"https:\/\/greg92.pl\/index.php\/wp-json\/wp\/v2\/pages\/2","targetHints":{"allow":["GET"]}}],"collection":[{"href":"https:\/\/greg92.pl\/index.php\/wp-json\/wp\/v2\/pages"}],"about":[{"href":"https:\/\/greg92.pl\/index.php\/wp-json\/wp\/v2\/types\/page"}],"author":[{"embeddable":true,"href":"https:\/\/greg92.pl\/index.php\/wp-json\/wp\/v2\/users\/1"}],"replies":[{"embeddable":true,"href":"https:\/\/greg92.pl\/index.php\/wp-json\/wp\/v2\/comments?post=2"}],"version-history":[{"count":13,"href":"https:\/\/greg92.pl\/index.php\/wp-json\/wp\/v2\/pages\/2\/revisions"}],"predecessor-version":[{"id":400,"href":"https:\/\/greg92.pl\/index.php\/wp-json\/wp\/v2\/pages\/2\/revisions\/400"}],"wp:attachment":[{"href":"https:\/\/greg92.pl\/index.php\/wp-json\/wp\/v2\/media?parent=2"}],"curies":[{"name":"wp","href":"https:\/\/api.w.org\/{rel}","templated":true}]}}