{"id":49,"date":"2022-03-17T20:57:06","date_gmt":"2022-03-17T20:57:06","guid":{"rendered":"https:\/\/greg92.pl\/?page_id=49"},"modified":"2025-10-18T11:17:13","modified_gmt":"2025-10-18T11:17:13","slug":"greg-garage","status":"publish","type":"page","link":"https:\/\/greg92.pl\/index.php\/greg-garage\/","title":{"rendered":"Greg Garage"},"content":{"rendered":"\r\n<p>Wszystkie aspekty powi\u0105zane z mechanik\u0105 motocyklow\u0105<\/p>\r\n\r\n\r\n\r\n<p><a href=\"https:\/\/greg92.pl\/index.php\/magnetyczny-korek-spustowy\/\">Magnetyczny korek spustowy<\/a><\/p>\r\n<p><a href=\"https:\/\/greg92.pl\/index.php\/greg-garage\/przekaznik-kontrolki-ladowania\/\">Przeka\u017anik kontrolki \u0142adowania<\/a><\/p>\r\n\r\n\r\n\r\n<p>&nbsp;<\/p>\r\n","protected":false},"excerpt":{"rendered":"<p>Wszystkie aspekty powi\u0105zane z mechanik\u0105 motocyklow\u0105 Magnetyczny korek spustowy Przeka\u017anik kontrolki \u0142adowania &nbsp;<\/p>\n","protected":false},"author":1,"featured_media":0,"parent":0,"menu_order":0,"comment_status":"closed","ping_status":"closed","template":"","meta":{"footnotes":""},"class_list":["post-49","page","type-page","status-publish","hentry"],"yoast_head":"<!-- This site is optimized with the Yoast SEO plugin v27.2 - https:\/\/yoast.com\/product\/yoast-seo-wordpress\/ -->\n<title>Greg Garage - Greg92PL<\/title>\n<meta name=\"description\" content=\"Wszystkie kwestie mechaniczne i elektryczne. Od smarowania \u0142a\u0144cucha po remont generalny silnika zgromadzone w 1 miejscu\" \/>\n<meta name=\"robots\" content=\"index, follow, max-snippet:-1, max-image-preview:large, max-video-preview:-1\" \/>\n<link rel=\"canonical\" href=\"https:\/\/greg92.pl\/index.php\/greg-garage\/\" \/>\n<meta property=\"og:locale\" content=\"pl_PL\" \/>\n<meta property=\"og:type\" content=\"article\" \/>\n<meta property=\"og:title\" content=\"Greg Garage - Greg92PL\" \/>\n<meta property=\"og:description\" content=\"Wszystkie kwestie mechaniczne i elektryczne. Od smarowania \u0142a\u0144cucha po remont generalny silnika zgromadzone w 1 miejscu\" \/>\n<meta property=\"og:url\" content=\"https:\/\/greg92.pl\/index.php\/greg-garage\/\" \/>\n<meta property=\"og:site_name\" content=\"Greg92PL\" \/>\n<meta property=\"article:modified_time\" content=\"2025-10-18T11:17:13+00:00\" \/>\n<meta name=\"twitter:card\" content=\"summary_large_image\" \/>\n<meta name=\"twitter:label1\" content=\"Szacowany czas czytania\" \/>\n\t<meta name=\"twitter:data1\" content=\"1 minuta\" \/>\n<script type=\"application\/ld+json\" class=\"yoast-schema-graph\">{\"@context\":\"https:\/\/schema.org\",\"@graph\":[{\"@type\":\"TechArticle\",\"@id\":\"https:\/\/greg92.pl\/index.php\/greg-garage\/#article\",\"isPartOf\":{\"@id\":\"https:\/\/greg92.pl\/index.php\/greg-garage\/\"},\"author\":{\"name\":\"Greg92PL\",\"@id\":\"https:\/\/greg92.pl\/#\/schema\/person\/ff41b115bd59286b45e19d77d3540e7d\"},\"headline\":\"Greg Garage\",\"datePublished\":\"2022-03-17T20:57:06+00:00\",\"dateModified\":\"2025-10-18T11:17:13+00:00\",\"mainEntityOfPage\":{\"@id\":\"https:\/\/greg92.pl\/index.php\/greg-garage\/\"},\"wordCount\":17,\"publisher\":{\"@id\":\"https:\/\/greg92.pl\/#\/schema\/person\/ff41b115bd59286b45e19d77d3540e7d\"},\"inLanguage\":\"pl-PL\"},{\"@type\":\"WebPage\",\"@id\":\"https:\/\/greg92.pl\/index.php\/greg-garage\/\",\"url\":\"https:\/\/greg92.pl\/index.php\/greg-garage\/\",\"name\":\"Greg Garage - Greg92PL\",\"isPartOf\":{\"@id\":\"https:\/\/greg92.pl\/#website\"},\"datePublished\":\"2022-03-17T20:57:06+00:00\",\"dateModified\":\"2025-10-18T11:17:13+00:00\",\"description\":\"Wszystkie kwestie mechaniczne i elektryczne. Od smarowania \u0142a\u0144cucha po remont generalny silnika zgromadzone w 1 miejscu\",\"breadcrumb\":{\"@id\":\"https:\/\/greg92.pl\/index.php\/greg-garage\/#breadcrumb\"},\"inLanguage\":\"pl-PL\",\"potentialAction\":[{\"@type\":\"ReadAction\",\"target\":[\"https:\/\/greg92.pl\/index.php\/greg-garage\/\"]}]},{\"@type\":\"BreadcrumbList\",\"@id\":\"https:\/\/greg92.pl\/index.php\/greg-garage\/#breadcrumb\",\"itemListElement\":[{\"@type\":\"ListItem\",\"position\":1,\"name\":\"Strona g\u0142\u00f3wna\",\"item\":\"https:\/\/greg92.pl\/\"},{\"@type\":\"ListItem\",\"position\":2,\"name\":\"mechanika\"}]},{\"@type\":\"WebSite\",\"@id\":\"https:\/\/greg92.pl\/#website\",\"url\":\"https:\/\/greg92.pl\/\",\"name\":\"Greg92PL\",\"description\":\"In the world full of people only so much want to fly....\",\"publisher\":{\"@id\":\"https:\/\/greg92.pl\/#\/schema\/person\/ff41b115bd59286b45e19d77d3540e7d\"},\"potentialAction\":[{\"@type\":\"SearchAction\",\"target\":{\"@type\":\"EntryPoint\",\"urlTemplate\":\"https:\/\/greg92.pl\/?s={search_term_string}\"},\"query-input\":{\"@type\":\"PropertyValueSpecification\",\"valueRequired\":true,\"valueName\":\"search_term_string\"}}],\"inLanguage\":\"pl-PL\"},{\"@type\":[\"Person\",\"Organization\"],\"@id\":\"https:\/\/greg92.pl\/#\/schema\/person\/ff41b115bd59286b45e19d77d3540e7d\",\"name\":\"Greg92PL\",\"image\":{\"@type\":\"ImageObject\",\"inLanguage\":\"pl-PL\",\"@id\":\"https:\/\/greg92.pl\/wp-content\/uploads\/2022\/03\/cropped-cropped-mniejsze-logo-2-100x100-1.jpg\",\"url\":\"https:\/\/greg92.pl\/wp-content\/uploads\/2022\/03\/cropped-cropped-mniejsze-logo-2-100x100-1.jpg\",\"contentUrl\":\"https:\/\/greg92.pl\/wp-content\/uploads\/2022\/03\/cropped-cropped-mniejsze-logo-2-100x100-1.jpg\",\"width\":100,\"height\":100,\"caption\":\"Greg92PL\"},\"logo\":{\"@id\":\"https:\/\/greg92.pl\/wp-content\/uploads\/2022\/03\/cropped-cropped-mniejsze-logo-2-100x100-1.jpg\"},\"sameAs\":[\"https:\/\/greg92.pl\"],\"url\":\"https:\/\/greg92.pl\/index.php\/author\/admin\/\"}]}<\/script>\n<!-- \/ Yoast SEO plugin. -->","yoast_head_json":{"title":"Greg Garage - Greg92PL","description":"Wszystkie kwestie mechaniczne i elektryczne. Od smarowania \u0142a\u0144cucha po remont generalny silnika zgromadzone w 1 miejscu","robots":{"index":"index","follow":"follow","max-snippet":"max-snippet:-1","max-image-preview":"max-image-preview:large","max-video-preview":"max-video-preview:-1"},"canonical":"https:\/\/greg92.pl\/index.php\/greg-garage\/","og_locale":"pl_PL","og_type":"article","og_title":"Greg Garage - Greg92PL","og_description":"Wszystkie kwestie mechaniczne i elektryczne. Od smarowania \u0142a\u0144cucha po remont generalny silnika zgromadzone w 1 miejscu","og_url":"https:\/\/greg92.pl\/index.php\/greg-garage\/","og_site_name":"Greg92PL","article_modified_time":"2025-10-18T11:17:13+00:00","twitter_card":"summary_large_image","twitter_misc":{"Szacowany czas czytania":"1 minuta"},"schema":{"@context":"https:\/\/schema.org","@graph":[{"@type":"TechArticle","@id":"https:\/\/greg92.pl\/index.php\/greg-garage\/#article","isPartOf":{"@id":"https:\/\/greg92.pl\/index.php\/greg-garage\/"},"author":{"name":"Greg92PL","@id":"https:\/\/greg92.pl\/#\/schema\/person\/ff41b115bd59286b45e19d77d3540e7d"},"headline":"Greg Garage","datePublished":"2022-03-17T20:57:06+00:00","dateModified":"2025-10-18T11:17:13+00:00","mainEntityOfPage":{"@id":"https:\/\/greg92.pl\/index.php\/greg-garage\/"},"wordCount":17,"publisher":{"@id":"https:\/\/greg92.pl\/#\/schema\/person\/ff41b115bd59286b45e19d77d3540e7d"},"inLanguage":"pl-PL"},{"@type":"WebPage","@id":"https:\/\/greg92.pl\/index.php\/greg-garage\/","url":"https:\/\/greg92.pl\/index.php\/greg-garage\/","name":"Greg Garage - Greg92PL","isPartOf":{"@id":"https:\/\/greg92.pl\/#website"},"datePublished":"2022-03-17T20:57:06+00:00","dateModified":"2025-10-18T11:17:13+00:00","description":"Wszystkie kwestie mechaniczne i elektryczne. Od smarowania \u0142a\u0144cucha po remont generalny silnika zgromadzone w 1 miejscu","breadcrumb":{"@id":"https:\/\/greg92.pl\/index.php\/greg-garage\/#breadcrumb"},"inLanguage":"pl-PL","potentialAction":[{"@type":"ReadAction","target":["https:\/\/greg92.pl\/index.php\/greg-garage\/"]}]},{"@type":"BreadcrumbList","@id":"https:\/\/greg92.pl\/index.php\/greg-garage\/#breadcrumb","itemListElement":[{"@type":"ListItem","position":1,"name":"Strona g\u0142\u00f3wna","item":"https:\/\/greg92.pl\/"},{"@type":"ListItem","position":2,"name":"mechanika"}]},{"@type":"WebSite","@id":"https:\/\/greg92.pl\/#website","url":"https:\/\/greg92.pl\/","name":"Greg92PL","description":"In the world full of people only so much want to fly....","publisher":{"@id":"https:\/\/greg92.pl\/#\/schema\/person\/ff41b115bd59286b45e19d77d3540e7d"},"potentialAction":[{"@type":"SearchAction","target":{"@type":"EntryPoint","urlTemplate":"https:\/\/greg92.pl\/?s={search_term_string}"},"query-input":{"@type":"PropertyValueSpecification","valueRequired":true,"valueName":"search_term_string"}}],"inLanguage":"pl-PL"},{"@type":["Person","Organization"],"@id":"https:\/\/greg92.pl\/#\/schema\/person\/ff41b115bd59286b45e19d77d3540e7d","name":"Greg92PL","image":{"@type":"ImageObject","inLanguage":"pl-PL","@id":"https:\/\/greg92.pl\/wp-content\/uploads\/2022\/03\/cropped-cropped-mniejsze-logo-2-100x100-1.jpg","url":"https:\/\/greg92.pl\/wp-content\/uploads\/2022\/03\/cropped-cropped-mniejsze-logo-2-100x100-1.jpg","contentUrl":"https:\/\/greg92.pl\/wp-content\/uploads\/2022\/03\/cropped-cropped-mniejsze-logo-2-100x100-1.jpg","width":100,"height":100,"caption":"Greg92PL"},"logo":{"@id":"https:\/\/greg92.pl\/wp-content\/uploads\/2022\/03\/cropped-cropped-mniejsze-logo-2-100x100-1.jpg"},"sameAs":["https:\/\/greg92.pl"],"url":"https:\/\/greg92.pl\/index.php\/author\/admin\/"}]}},"jetpack_sharing_enabled":true,"_links":{"self":[{"href":"https:\/\/greg92.pl\/index.php\/wp-json\/wp\/v2\/pages\/49","targetHints":{"allow":["GET"]}}],"collection":[{"href":"https:\/\/greg92.pl\/index.php\/wp-json\/wp\/v2\/pages"}],"about":[{"href":"https:\/\/greg92.pl\/index.php\/wp-json\/wp\/v2\/types\/page"}],"author":[{"embeddable":true,"href":"https:\/\/greg92.pl\/index.php\/wp-json\/wp\/v2\/users\/1"}],"replies":[{"embeddable":true,"href":"https:\/\/greg92.pl\/index.php\/wp-json\/wp\/v2\/comments?post=49"}],"version-history":[{"count":4,"href":"https:\/\/greg92.pl\/index.php\/wp-json\/wp\/v2\/pages\/49\/revisions"}],"predecessor-version":[{"id":138,"href":"https:\/\/greg92.pl\/index.php\/wp-json\/wp\/v2\/pages\/49\/revisions\/138"}],"wp:attachment":[{"href":"https:\/\/greg92.pl\/index.php\/wp-json\/wp\/v2\/media?parent=49"}],"curies":[{"name":"wp","href":"https:\/\/api.w.org\/{rel}","templated":true}]}}