{"id":60,"date":"2022-03-17T21:16:09","date_gmt":"2022-03-17T21:16:09","guid":{"rendered":"https:\/\/greg92.pl\/?page_id=60"},"modified":"2025-11-03T11:53:12","modified_gmt":"2025-11-03T11:53:12","slug":"magnetyczny-korek-spustowy","status":"publish","type":"page","link":"https:\/\/greg92.pl\/index.php\/magnetyczny-korek-spustowy\/","title":{"rendered":"Magnetyczny korek spustowy"},"content":{"rendered":"\r\n<p>Na samym wst\u0119pie chcia\u0142bym zaznaczy\u0107, \u017ce to u\u017cytkownik Jacek64 na forum <a href=\"http:\/\/www.jawacz.pl\" target=\"_blank\" rel=\"noreferrer noopener\">Jawacz.pl<\/a>\u00a0jest pomys\u0142odawc\u0105 modyfikacji korka spustowego.<\/p>\r\n\r\n\r\n\r\n<p>Wi\u0119kszo\u015b\u0107 wsp\u00f3\u0142czesnych pojazd\u00f3w posiada magnetyczny korek spustu oleju. Przyci\u0105ga on wszystkie opi\u0142ki z oleju, przez co pozytywnie wp\u0142ywa na wytrzyma\u0142o\u015b\u0107 pracuj\u0105cych w oleju element\u00f3w silnika. Dlatego podczas wymiany oleju w ka\u017cdym poje\u017adzie tak wa\u017cn\u0105 rzecz\u0105 jest dok\u0142adne oczyszczenie korka spustowego.<\/p>\r\n\r\n\r\n\r\n<p>Jednak w naszych zabytkowych pojazdach cz\u0119sto stosuje si\u0119 zwyk\u0142\u0105 \u015brub\u0119 metryczn\u0105 bez w\u0142a\u015bciwo\u015bci magnetycznych. Mo\u017cna oczywi\u015bcie dokupi\u0107 magnetyczny korek spustowy w cenie oko\u0142o 30 z\u0142 i przy najbli\u017cszej wymianie oleju po prostu wymieni\u0107 standardow\u0105 \u015brub\u0119.\u00a0 Mo\u017cna te\u017c samemu we w\u0142asnym zakresie w cenie mniejszej jak 6 z\u0142 wykona\u0107 taki korek spustowy przy u\u017cyciu zwyk\u0142ej \u015bruby, wiertarki sto\u0142owej z odpowiednim wiert\u0142em oraz magnesem neodymowym.<\/p>\r\n\r\n\r\n\r\n<figure class=\"wp-block-image size-large\"><img loading=\"lazy\" decoding=\"async\" width=\"1024\" height=\"538\" class=\"wp-image-61\" src=\"https:\/\/greg92.pl\/wp-content\/uploads\/2022\/03\/korek-1024x538.jpg\" alt=\"\" srcset=\"https:\/\/greg92.pl\/wp-content\/uploads\/2022\/03\/korek-1024x538.jpg 1024w, https:\/\/greg92.pl\/wp-content\/uploads\/2022\/03\/korek-300x158.jpg 300w, https:\/\/greg92.pl\/wp-content\/uploads\/2022\/03\/korek-768x403.jpg 768w, https:\/\/greg92.pl\/wp-content\/uploads\/2022\/03\/korek-1536x807.jpg 1536w, https:\/\/greg92.pl\/wp-content\/uploads\/2022\/03\/korek.jpg 1538w\" sizes=\"auto, (max-width: 767px) 89vw, (max-width: 1000px) 54vw, (max-width: 1071px) 543px, 580px\" \/>\r\n<figcaption>\u0179r\u00f3d\u0142o: Opracowanie w\u0142asne<\/figcaption>\r\n<\/figure>\r\n\r\n\r\n\r\n<p>Kupujemy zwyk\u0142\u0105 \u015brub\u0119 M10x20 o skoku gwintu 1,5 mm (jest to uniwersalny skok gwintu). Koszt jednej takiej \u015bruby to oko\u0142o 70 gr. Potrzebujemy jeszcze magnes neodymowy. Mo\u017cemy go dosta\u0107 na kilka sposob\u00f3w. Wkr\u0119tak z wymiennymi ko\u0144c\u00f3wkami posiada takiego rodzaju magnesik, mo\u017cemy te\u017c kupi\u0107 pakiet 50 magnes\u00f3w o dowolnej szeroko\u015bci i grubo\u015bci w cenie 4 z\u0142 lub uda\u0107 si\u0119 do sklepu modelarskiego.\u00a0<\/p>\r\n","protected":false},"excerpt":{"rendered":"<p>Na samym wst\u0119pie chcia\u0142bym zaznaczy\u0107, \u017ce to u\u017cytkownik Jacek64 na forum Jawacz.pl\u00a0jest pomys\u0142odawc\u0105 modyfikacji korka spustowego. Wi\u0119kszo\u015b\u0107 wsp\u00f3\u0142czesnych pojazd\u00f3w posiada magnetyczny korek spustu oleju. Przyci\u0105ga on wszystkie opi\u0142ki z oleju, przez co pozytywnie wp\u0142ywa na wytrzyma\u0142o\u015b\u0107 pracuj\u0105cych w oleju element\u00f3w silnika. Dlatego podczas wymiany oleju w ka\u017cdym poje\u017adzie tak wa\u017cn\u0105 rzecz\u0105 jest dok\u0142adne oczyszczenie korka &hellip; <\/p>\n<p class=\"link-more\"><a href=\"https:\/\/greg92.pl\/index.php\/magnetyczny-korek-spustowy\/\" class=\"more-link\">Czytaj dalej<span class=\"screen-reader-text\"> \u201eMagnetyczny korek spustowy\u201d<\/span><\/a><\/p>\n","protected":false},"author":1,"featured_media":0,"parent":0,"menu_order":0,"comment_status":"closed","ping_status":"closed","template":"","meta":{"footnotes":""},"class_list":["post-60","page","type-page","status-publish","hentry"],"yoast_head":"<!-- This site is optimized with the Yoast SEO plugin v27.2 - https:\/\/yoast.com\/product\/yoast-seo-wordpress\/ -->\n<title>Magnetyczny korek spustowy - Greg92PL<\/title>\n<meta name=\"robots\" content=\"index, follow, max-snippet:-1, max-image-preview:large, max-video-preview:-1\" \/>\n<link rel=\"canonical\" href=\"https:\/\/greg92.pl\/index.php\/magnetyczny-korek-spustowy\/\" \/>\n<meta property=\"og:locale\" content=\"pl_PL\" \/>\n<meta property=\"og:type\" content=\"article\" \/>\n<meta property=\"og:title\" content=\"Magnetyczny korek spustowy - Greg92PL\" \/>\n<meta property=\"og:description\" content=\"Na samym wst\u0119pie chcia\u0142bym zaznaczy\u0107, \u017ce to u\u017cytkownik Jacek64 na forum Jawacz.pl\u00a0jest pomys\u0142odawc\u0105 modyfikacji korka spustowego. Wi\u0119kszo\u015b\u0107 wsp\u00f3\u0142czesnych pojazd\u00f3w posiada magnetyczny korek spustu oleju. Przyci\u0105ga on wszystkie opi\u0142ki z oleju, przez co pozytywnie wp\u0142ywa na wytrzyma\u0142o\u015b\u0107 pracuj\u0105cych w oleju element\u00f3w silnika. Dlatego podczas wymiany oleju w ka\u017cdym poje\u017adzie tak wa\u017cn\u0105 rzecz\u0105 jest dok\u0142adne oczyszczenie korka &hellip; Czytaj dalej \u201eMagnetyczny korek spustowy\u201d\" \/>\n<meta property=\"og:url\" content=\"https:\/\/greg92.pl\/index.php\/magnetyczny-korek-spustowy\/\" \/>\n<meta property=\"og:site_name\" content=\"Greg92PL\" \/>\n<meta property=\"article:modified_time\" content=\"2025-11-03T11:53:12+00:00\" \/>\n<meta property=\"og:image\" content=\"https:\/\/greg92.pl\/wp-content\/uploads\/2022\/03\/korek-1024x538.jpg\" \/>\n<meta name=\"twitter:card\" content=\"summary_large_image\" \/>\n<meta name=\"twitter:label1\" content=\"Szacowany czas czytania\" \/>\n\t<meta name=\"twitter:data1\" content=\"2 minuty\" \/>\n<script type=\"application\/ld+json\" class=\"yoast-schema-graph\">{\"@context\":\"https:\/\/schema.org\",\"@graph\":[{\"@type\":\"TechArticle\",\"@id\":\"https:\/\/greg92.pl\/index.php\/magnetyczny-korek-spustowy\/#article\",\"isPartOf\":{\"@id\":\"https:\/\/greg92.pl\/index.php\/magnetyczny-korek-spustowy\/\"},\"author\":{\"name\":\"Greg92PL\",\"@id\":\"https:\/\/greg92.pl\/#\/schema\/person\/ff41b115bd59286b45e19d77d3540e7d\"},\"headline\":\"Magnetyczny korek spustowy\",\"datePublished\":\"2022-03-17T21:16:09+00:00\",\"dateModified\":\"2025-11-03T11:53:12+00:00\",\"mainEntityOfPage\":{\"@id\":\"https:\/\/greg92.pl\/index.php\/magnetyczny-korek-spustowy\/\"},\"wordCount\":227,\"publisher\":{\"@id\":\"https:\/\/greg92.pl\/#\/schema\/person\/ff41b115bd59286b45e19d77d3540e7d\"},\"image\":{\"@id\":\"https:\/\/greg92.pl\/index.php\/magnetyczny-korek-spustowy\/#primaryimage\"},\"thumbnailUrl\":\"https:\/\/greg92.pl\/wp-content\/uploads\/2022\/03\/korek-1024x538.jpg\",\"inLanguage\":\"pl-PL\"},{\"@type\":\"WebPage\",\"@id\":\"https:\/\/greg92.pl\/index.php\/magnetyczny-korek-spustowy\/\",\"url\":\"https:\/\/greg92.pl\/index.php\/magnetyczny-korek-spustowy\/\",\"name\":\"Magnetyczny korek spustowy - Greg92PL\",\"isPartOf\":{\"@id\":\"https:\/\/greg92.pl\/#website\"},\"primaryImageOfPage\":{\"@id\":\"https:\/\/greg92.pl\/index.php\/magnetyczny-korek-spustowy\/#primaryimage\"},\"image\":{\"@id\":\"https:\/\/greg92.pl\/index.php\/magnetyczny-korek-spustowy\/#primaryimage\"},\"thumbnailUrl\":\"https:\/\/greg92.pl\/wp-content\/uploads\/2022\/03\/korek-1024x538.jpg\",\"datePublished\":\"2022-03-17T21:16:09+00:00\",\"dateModified\":\"2025-11-03T11:53:12+00:00\",\"breadcrumb\":{\"@id\":\"https:\/\/greg92.pl\/index.php\/magnetyczny-korek-spustowy\/#breadcrumb\"},\"inLanguage\":\"pl-PL\",\"potentialAction\":[{\"@type\":\"ReadAction\",\"target\":[\"https:\/\/greg92.pl\/index.php\/magnetyczny-korek-spustowy\/\"]}]},{\"@type\":\"ImageObject\",\"inLanguage\":\"pl-PL\",\"@id\":\"https:\/\/greg92.pl\/index.php\/magnetyczny-korek-spustowy\/#primaryimage\",\"url\":\"https:\/\/greg92.pl\/wp-content\/uploads\/2022\/03\/korek.jpg\",\"contentUrl\":\"https:\/\/greg92.pl\/wp-content\/uploads\/2022\/03\/korek.jpg\",\"width\":1538,\"height\":808},{\"@type\":\"BreadcrumbList\",\"@id\":\"https:\/\/greg92.pl\/index.php\/magnetyczny-korek-spustowy\/#breadcrumb\",\"itemListElement\":[{\"@type\":\"ListItem\",\"position\":1,\"name\":\"Strona g\u0142\u00f3wna\",\"item\":\"https:\/\/greg92.pl\/\"},{\"@type\":\"ListItem\",\"position\":2,\"name\":\"Magnetyczny korek spustowy\"}]},{\"@type\":\"WebSite\",\"@id\":\"https:\/\/greg92.pl\/#website\",\"url\":\"https:\/\/greg92.pl\/\",\"name\":\"Greg92PL\",\"description\":\"In the world full of people only so much want to fly....\",\"publisher\":{\"@id\":\"https:\/\/greg92.pl\/#\/schema\/person\/ff41b115bd59286b45e19d77d3540e7d\"},\"potentialAction\":[{\"@type\":\"SearchAction\",\"target\":{\"@type\":\"EntryPoint\",\"urlTemplate\":\"https:\/\/greg92.pl\/?s={search_term_string}\"},\"query-input\":{\"@type\":\"PropertyValueSpecification\",\"valueRequired\":true,\"valueName\":\"search_term_string\"}}],\"inLanguage\":\"pl-PL\"},{\"@type\":[\"Person\",\"Organization\"],\"@id\":\"https:\/\/greg92.pl\/#\/schema\/person\/ff41b115bd59286b45e19d77d3540e7d\",\"name\":\"Greg92PL\",\"image\":{\"@type\":\"ImageObject\",\"inLanguage\":\"pl-PL\",\"@id\":\"https:\/\/greg92.pl\/wp-content\/uploads\/2022\/03\/cropped-cropped-mniejsze-logo-2-100x100-1.jpg\",\"url\":\"https:\/\/greg92.pl\/wp-content\/uploads\/2022\/03\/cropped-cropped-mniejsze-logo-2-100x100-1.jpg\",\"contentUrl\":\"https:\/\/greg92.pl\/wp-content\/uploads\/2022\/03\/cropped-cropped-mniejsze-logo-2-100x100-1.jpg\",\"width\":100,\"height\":100,\"caption\":\"Greg92PL\"},\"logo\":{\"@id\":\"https:\/\/greg92.pl\/wp-content\/uploads\/2022\/03\/cropped-cropped-mniejsze-logo-2-100x100-1.jpg\"},\"sameAs\":[\"https:\/\/greg92.pl\"],\"url\":\"https:\/\/greg92.pl\/index.php\/author\/admin\/\"}]}<\/script>\n<!-- \/ Yoast SEO plugin. -->","yoast_head_json":{"title":"Magnetyczny korek spustowy - Greg92PL","robots":{"index":"index","follow":"follow","max-snippet":"max-snippet:-1","max-image-preview":"max-image-preview:large","max-video-preview":"max-video-preview:-1"},"canonical":"https:\/\/greg92.pl\/index.php\/magnetyczny-korek-spustowy\/","og_locale":"pl_PL","og_type":"article","og_title":"Magnetyczny korek spustowy - Greg92PL","og_description":"Na samym wst\u0119pie chcia\u0142bym zaznaczy\u0107, \u017ce to u\u017cytkownik Jacek64 na forum Jawacz.pl\u00a0jest pomys\u0142odawc\u0105 modyfikacji korka spustowego. Wi\u0119kszo\u015b\u0107 wsp\u00f3\u0142czesnych pojazd\u00f3w posiada magnetyczny korek spustu oleju. Przyci\u0105ga on wszystkie opi\u0142ki z oleju, przez co pozytywnie wp\u0142ywa na wytrzyma\u0142o\u015b\u0107 pracuj\u0105cych w oleju element\u00f3w silnika. Dlatego podczas wymiany oleju w ka\u017cdym poje\u017adzie tak wa\u017cn\u0105 rzecz\u0105 jest dok\u0142adne oczyszczenie korka &hellip; Czytaj dalej \u201eMagnetyczny korek spustowy\u201d","og_url":"https:\/\/greg92.pl\/index.php\/magnetyczny-korek-spustowy\/","og_site_name":"Greg92PL","article_modified_time":"2025-11-03T11:53:12+00:00","og_image":[{"url":"https:\/\/greg92.pl\/wp-content\/uploads\/2022\/03\/korek-1024x538.jpg","type":"","width":"","height":""}],"twitter_card":"summary_large_image","twitter_misc":{"Szacowany czas czytania":"2 minuty"},"schema":{"@context":"https:\/\/schema.org","@graph":[{"@type":"TechArticle","@id":"https:\/\/greg92.pl\/index.php\/magnetyczny-korek-spustowy\/#article","isPartOf":{"@id":"https:\/\/greg92.pl\/index.php\/magnetyczny-korek-spustowy\/"},"author":{"name":"Greg92PL","@id":"https:\/\/greg92.pl\/#\/schema\/person\/ff41b115bd59286b45e19d77d3540e7d"},"headline":"Magnetyczny korek spustowy","datePublished":"2022-03-17T21:16:09+00:00","dateModified":"2025-11-03T11:53:12+00:00","mainEntityOfPage":{"@id":"https:\/\/greg92.pl\/index.php\/magnetyczny-korek-spustowy\/"},"wordCount":227,"publisher":{"@id":"https:\/\/greg92.pl\/#\/schema\/person\/ff41b115bd59286b45e19d77d3540e7d"},"image":{"@id":"https:\/\/greg92.pl\/index.php\/magnetyczny-korek-spustowy\/#primaryimage"},"thumbnailUrl":"https:\/\/greg92.pl\/wp-content\/uploads\/2022\/03\/korek-1024x538.jpg","inLanguage":"pl-PL"},{"@type":"WebPage","@id":"https:\/\/greg92.pl\/index.php\/magnetyczny-korek-spustowy\/","url":"https:\/\/greg92.pl\/index.php\/magnetyczny-korek-spustowy\/","name":"Magnetyczny korek spustowy - Greg92PL","isPartOf":{"@id":"https:\/\/greg92.pl\/#website"},"primaryImageOfPage":{"@id":"https:\/\/greg92.pl\/index.php\/magnetyczny-korek-spustowy\/#primaryimage"},"image":{"@id":"https:\/\/greg92.pl\/index.php\/magnetyczny-korek-spustowy\/#primaryimage"},"thumbnailUrl":"https:\/\/greg92.pl\/wp-content\/uploads\/2022\/03\/korek-1024x538.jpg","datePublished":"2022-03-17T21:16:09+00:00","dateModified":"2025-11-03T11:53:12+00:00","breadcrumb":{"@id":"https:\/\/greg92.pl\/index.php\/magnetyczny-korek-spustowy\/#breadcrumb"},"inLanguage":"pl-PL","potentialAction":[{"@type":"ReadAction","target":["https:\/\/greg92.pl\/index.php\/magnetyczny-korek-spustowy\/"]}]},{"@type":"ImageObject","inLanguage":"pl-PL","@id":"https:\/\/greg92.pl\/index.php\/magnetyczny-korek-spustowy\/#primaryimage","url":"https:\/\/greg92.pl\/wp-content\/uploads\/2022\/03\/korek.jpg","contentUrl":"https:\/\/greg92.pl\/wp-content\/uploads\/2022\/03\/korek.jpg","width":1538,"height":808},{"@type":"BreadcrumbList","@id":"https:\/\/greg92.pl\/index.php\/magnetyczny-korek-spustowy\/#breadcrumb","itemListElement":[{"@type":"ListItem","position":1,"name":"Strona g\u0142\u00f3wna","item":"https:\/\/greg92.pl\/"},{"@type":"ListItem","position":2,"name":"Magnetyczny korek spustowy"}]},{"@type":"WebSite","@id":"https:\/\/greg92.pl\/#website","url":"https:\/\/greg92.pl\/","name":"Greg92PL","description":"In the world full of people only so much want to fly....","publisher":{"@id":"https:\/\/greg92.pl\/#\/schema\/person\/ff41b115bd59286b45e19d77d3540e7d"},"potentialAction":[{"@type":"SearchAction","target":{"@type":"EntryPoint","urlTemplate":"https:\/\/greg92.pl\/?s={search_term_string}"},"query-input":{"@type":"PropertyValueSpecification","valueRequired":true,"valueName":"search_term_string"}}],"inLanguage":"pl-PL"},{"@type":["Person","Organization"],"@id":"https:\/\/greg92.pl\/#\/schema\/person\/ff41b115bd59286b45e19d77d3540e7d","name":"Greg92PL","image":{"@type":"ImageObject","inLanguage":"pl-PL","@id":"https:\/\/greg92.pl\/wp-content\/uploads\/2022\/03\/cropped-cropped-mniejsze-logo-2-100x100-1.jpg","url":"https:\/\/greg92.pl\/wp-content\/uploads\/2022\/03\/cropped-cropped-mniejsze-logo-2-100x100-1.jpg","contentUrl":"https:\/\/greg92.pl\/wp-content\/uploads\/2022\/03\/cropped-cropped-mniejsze-logo-2-100x100-1.jpg","width":100,"height":100,"caption":"Greg92PL"},"logo":{"@id":"https:\/\/greg92.pl\/wp-content\/uploads\/2022\/03\/cropped-cropped-mniejsze-logo-2-100x100-1.jpg"},"sameAs":["https:\/\/greg92.pl"],"url":"https:\/\/greg92.pl\/index.php\/author\/admin\/"}]}},"jetpack_sharing_enabled":true,"_links":{"self":[{"href":"https:\/\/greg92.pl\/index.php\/wp-json\/wp\/v2\/pages\/60","targetHints":{"allow":["GET"]}}],"collection":[{"href":"https:\/\/greg92.pl\/index.php\/wp-json\/wp\/v2\/pages"}],"about":[{"href":"https:\/\/greg92.pl\/index.php\/wp-json\/wp\/v2\/types\/page"}],"author":[{"embeddable":true,"href":"https:\/\/greg92.pl\/index.php\/wp-json\/wp\/v2\/users\/1"}],"replies":[{"embeddable":true,"href":"https:\/\/greg92.pl\/index.php\/wp-json\/wp\/v2\/comments?post=60"}],"version-history":[{"count":3,"href":"https:\/\/greg92.pl\/index.php\/wp-json\/wp\/v2\/pages\/60\/revisions"}],"predecessor-version":[{"id":388,"href":"https:\/\/greg92.pl\/index.php\/wp-json\/wp\/v2\/pages\/60\/revisions\/388"}],"wp:attachment":[{"href":"https:\/\/greg92.pl\/index.php\/wp-json\/wp\/v2\/media?parent=60"}],"curies":[{"name":"wp","href":"https:\/\/api.w.org\/{rel}","templated":true}]}}